{"id":643,"date":"2022-11-08T10:29:28","date_gmt":"2022-11-08T09:29:28","guid":{"rendered":"https:\/\/043test5.nl\/?page_id=643"},"modified":"2023-01-02T13:27:51","modified_gmt":"2023-01-02T12:27:51","slug":"cookies","status":"publish","type":"page","link":"https:\/\/parkwegkliniek.nl\/de\/cookies\/","title":{"rendered":"Cookie-Anweisung"},"content":{"rendered":"<div data-elementor-type=\"wp-page\" data-elementor-id=\"643\" class=\"elementor elementor-643\" data-elementor-post-type=\"page\">\n\t\t\t\t<div class=\"elementor-element elementor-element-fc2ce05 e-flex e-con-boxed e-con e-parent\" data-id=\"fc2ce05\" data-element_type=\"container\" data-e-type=\"container\" data-settings=\"{&quot;jet_parallax_layout_list&quot;:[]}\">\n\t\t\t\t\t<div class=\"e-con-inner\">\n\t\t\t\t<div class=\"elementor-element elementor-element-3b5a103 elementor-widget elementor-widget-text-editor\" data-id=\"3b5a103\" data-element_type=\"widget\" data-e-type=\"widget\" data-widget_type=\"text-editor.default\">\n\t\t\t\t<div class=\"elementor-widget-container\">\n\t\t\t\t\t\t\t\t\t<p><strong>Cookie-Erkl\u00e4rung von Parkwegkliniek Sommer<br \/><\/strong><\/p><p>Wir verwenden Cookies auf dieser Website. Ein Cookie ist eine einfache kleine Datei, die mit den Seiten dieser Website verschickt und von Ihrem Browser auf der Festplatte Ihres Computers gespeichert wird. Die darin gespeicherten Informationen k\u00f6nnen bei Ihrem n\u00e4chsten Besuch an unsere Server zur\u00fcckgesendet werden.<\/p><p>\u00a0<\/p><p><strong>Google Analytics<\/strong><br \/>Auf unserer Website wird im Rahmen des Dienstes \"Analytics\" ein Cookie von dem amerikanischen Unternehmen Google gesetzt. Wir nutzen diesen Dienst, um zu verfolgen und Berichte dar\u00fcber zu erhalten, wie Besucher die Website nutzen. Auch wird Google diese Informationen gegebenenfalls an Dritte \u00fcbertragen, sofern dies gesetzlich vorgeschrieben oder soweit Dritte diese Daten im Auftrag von Google verarbeiten. Darauf haben wir keinen Einfluss. Wir haben Google nicht gestattet, die erhaltenen Analysedaten f\u00fcr andere Google-Dienste zu verwenden. Die von Google gesammelten Informationen werden so weit wie m\u00f6glich anonymisiert. Ihre IP-Adresse wird ausdr\u00fccklich nicht angegeben. Die Informationen werden an Google \u00fcbertragen und von Google auf Servern in den Vereinigten Staaten gespeichert. Google erkl\u00e4rt, dass es sich an die Grunds\u00e4tze des sicheren Hafens h\u00e4lt und dem Safe-Harbor-Programm des US-Handelsministeriums angeschlossen ist. Dies setzt ein angemessenes Schutzniveau f\u00fcr die Verarbeitung aller personenbezogenen Daten voraus.<\/p><p>\u00a0<\/p><p><strong>Schaltfl\u00e4chen zum Teilen in sozialen Netzwerken<\/strong><br \/>Unsere Website enth\u00e4lt Schaltfl\u00e4chen zum Bewerben (\"Gef\u00e4llt mir\") oder Teilen (\"Tweeten\") von Webseiten in sozialen Netzwerken wie Facebook, Twitter und LinkedIn. Diese Schaltfl\u00e4chen funktionieren mit Hilfe von Codeteilen, die von Facebook, Twitter bzw. LinkedIn stammen. Mit Hilfe dieses Codes werden Cookies gesetzt. Darauf haben wir keinen Einfluss. Bitte lesen Sie die Datenschutzerkl\u00e4rungen von Facebook, Twitter, LinkedIn und Google (die sich regelm\u00e4\u00dfig \u00e4ndern k\u00f6nnen), um zu erfahren, was sie mit Ihren (personenbezogenen) Daten machen, die sie \u00fcber diese Cookies verarbeiten. Die gesammelten Informationen werden so weit wie m\u00f6glich anonymisiert. Die Informationen werden an Twitter, Facebook, Google+ und LinkedIn \u00fcbertragen und von diesen auf Servern in den Vereinigten Staaten gespeichert. LinkedIn, Twitter, Facebook und Google+ geben an, sich an die Safe-Harbor-Grunds\u00e4tze zu halten und sind Mitglieder des Safe-Harbor-Programms des US-Handelsministeriums. Dies setzt ein angemessenes Schutzniveau f\u00fcr die Verarbeitung aller personenbezogenen Daten voraus.<\/p><p>\u00a0<\/p><p><strong>Recht auf Zugang und Berichtigung oder L\u00f6schung Ihrer Daten<\/strong><br \/>Sie haben das Recht, Zugang zu Ihren Daten und deren Berichtigung oder L\u00f6schung zu verlangen. Bitte beachten Sie unser\u00a0<a href=\"https:\/\/parkwegkliniek.nl\/de\/new\/kontakt\/\">Kontaktseite<\/a>. Um Missbrauch vorzubeugen, k\u00f6nnen wir Sie auffordern, sich ausreichend zu identifizieren. Wenn es um den Zugang zu personenbezogenen Daten geht, die mit einem Cookie verkn\u00fcpft sind, m\u00fcssen Sie eine Kopie des fraglichen Cookies \u00fcbermitteln. Sie k\u00f6nnen dies in den Einstellungen Ihres Browsers finden.<\/p><p>\u00a0<\/p><p><strong>Aktivieren, Deaktivieren und L\u00f6schen von Cookies<\/strong><br \/>Weitere Informationen zum Aktivieren, Deaktivieren und L\u00f6schen von Cookies finden Sie in der Anleitung und\/oder in der Hilfefunktion Ihres Browsers.<\/p><p>\u00a0<\/p><p><strong>Weitere Informationen \u00fcber Cookies<\/strong><br \/>-\u00a0<a href=\"http:\/\/www.cookierecht.nl\/\" target=\"_blank\" rel=\"noopener\">Cookieright.co.uk<\/a><br \/>- Verbraucherschutzverband: \"<a href=\"http:\/\/www.consumentenbond.nl\/test\/elektronica-communicatie\/veilig-online\/privacy-op-internet\/extra\/wat-zijn-cookies\/\" target=\"_blank\" rel=\"noopener\">Was sind Cookies?<\/a>\"<br \/>- Verbraucherschutzverband: \"<a href=\"http:\/\/www.consumentenbond.nl\/test\/elektronica-communicatie\/veilig-online\/privacy-op-internet\/extra\/waarvoor-dienen-cookies\/\" target=\"_blank\" rel=\"noopener\">Wozu sind Cookies da?<\/a>\"<br \/>- Verbraucherschutzverband: \"<a href=\"http:\/\/www.consumentenbond.nl\/test\/elektronica-communicatie\/veilig-online\/privacy-op-internet\/extra\/cookies-verwijderen\/\" target=\"_blank\" rel=\"noopener\">Cookies l\u00f6schen<\/a>\"<br \/>- Verbraucherschutzverband: \"<a href=\"http:\/\/www.youronlinechoices.eu\/\" target=\"_blank\" rel=\"noopener\">Cookies abschalten\" Ihre Online-Entscheidungen: \"Ein Leitfaden f\u00fcr verhaltensbezogene Online-Werbung<\/a>\"<\/p>\t\t\t\t\t\t\t\t<\/div>\n\t\t\t\t<\/div>\n\t\t\t\t\t<\/div>\n\t\t\t\t<\/div>\n\t\t\t\t<\/div>","protected":false},"excerpt":{"rendered":"<p>Cookieverklaring van Parkwegkliniek Sommer Wij maken op deze website gebruik van cookies. Een cookie is een eenvoudig klein bestandje dat met pagina\u2019s van deze website wordt meegestuurd en door uw browser op uw harde schrijf van uw computer wordt opgeslagen. De daarin opgeslagen informatie kan bij een volgend bezoek weer naar onze servers teruggestuurd worden. [&hellip;]<\/p>\n","protected":false},"author":1,"featured_media":0,"parent":0,"menu_order":0,"comment_status":"closed","ping_status":"closed","template":"elementor_header_footer","meta":{"footnotes":""},"class_list":["post-643","page","type-page","status-publish","hentry"],"_links":{"self":[{"href":"https:\/\/parkwegkliniek.nl\/de\/wp-json\/wp\/v2\/pages\/643","targetHints":{"allow":["GET"]}}],"collection":[{"href":"https:\/\/parkwegkliniek.nl\/de\/wp-json\/wp\/v2\/pages"}],"about":[{"href":"https:\/\/parkwegkliniek.nl\/de\/wp-json\/wp\/v2\/types\/page"}],"author":[{"embeddable":true,"href":"https:\/\/parkwegkliniek.nl\/de\/wp-json\/wp\/v2\/users\/1"}],"replies":[{"embeddable":true,"href":"https:\/\/parkwegkliniek.nl\/de\/wp-json\/wp\/v2\/comments?post=643"}],"version-history":[{"count":5,"href":"https:\/\/parkwegkliniek.nl\/de\/wp-json\/wp\/v2\/pages\/643\/revisions"}],"predecessor-version":[{"id":1078,"href":"https:\/\/parkwegkliniek.nl\/de\/wp-json\/wp\/v2\/pages\/643\/revisions\/1078"}],"wp:attachment":[{"href":"https:\/\/parkwegkliniek.nl\/de\/wp-json\/wp\/v2\/media?parent=643"}],"curies":[{"name":"wp","href":"https:\/\/api.w.org\/{rel}","templated":true}]}}