{"id":3,"date":"2022-02-16T12:34:04","date_gmt":"2022-02-16T11:34:04","guid":{"rendered":"https:\/\/elementor.043basis.nl\/?page_id=3"},"modified":"2022-11-08T10:30:43","modified_gmt":"2022-11-08T09:30:43","slug":"datenschutz","status":"publish","type":"page","link":"https:\/\/parkwegkliniek.nl\/de\/privacy\/","title":{"rendered":"Datenschutzrichtlinie"},"content":{"rendered":"<div data-elementor-type=\"wp-page\" data-elementor-id=\"3\" class=\"elementor elementor-3\" data-elementor-post-type=\"page\">\n\t\t\t\t<div class=\"elementor-element elementor-element-15e9774 e-flex e-con-boxed e-con e-parent\" data-id=\"15e9774\" data-element_type=\"container\" data-e-type=\"container\" data-settings=\"{&quot;jet_parallax_layout_list&quot;:[]}\">\n\t\t\t\t\t<div class=\"e-con-inner\">\n\t\t\t\t<div class=\"elementor-element elementor-element-9692150 elementor-widget elementor-widget-text-editor\" data-id=\"9692150\" data-element_type=\"widget\" data-e-type=\"widget\" data-widget_type=\"text-editor.default\">\n\t\t\t\t<div class=\"elementor-widget-container\">\n\t\t\t\t\t\t\t\t\t\n<p><strong>Datenschutzerkl\u00e4rung der Parkwegkliniek Sommer<\/strong><\/p>\n<p>Dies ist die Datenschutzerkl\u00e4rung der Parkwegkliniek Sommer und der ihr zugrunde liegenden Labels. In dieser Erkl\u00e4rung legen wir dar, wie wir mit den personenbezogenen Daten umgehen, die wir bei unserem Kontakt mit Ihnen erhalten. Die Parkwegkliniek Sommer h\u00e4lt sich an die Bestimmungen des AVG (Allgemeine Datenschutzverordnung).<\/p>\n<p>\u00a0<\/p>\n<p><strong>Erfasste personenbezogene Daten<\/strong><br \/>Wir tun unser M\u00f6glichstes, um Ihre Daten zu sch\u00fctzen. Wir ben\u00f6tigen personenbezogene Daten, um unsere Dienstleistungen f\u00fcr Sie zu gew\u00e4hrleisten. Die Parkwegkliniek Sommer verarbeitet diese personenbezogenen Daten, weil Sie unsere Dienstleistungen in Anspruch nehmen und\/oder weil Sie uns diese Daten selbst zur Verf\u00fcgung stellen.<br \/>Die Parkway Clinic Sommer verarbeitet Daten zu folgenden Zwecken:<\/p>\n<ul>\n<li>Erbringung und Abrechnung unserer Dienstleistungen;<\/li>\n<li>Versenden unserer Newsletter;<\/li>\n<li>Bearbeitung Ihrer Bestellung und Unterrichtung \u00fcber den Stand der Bearbeitung;<\/li>\n<li>Speicherung zum Zweck der Erf\u00fcllung des Abkommens und der Ver\u00f6ffentlichung;<\/li>\n<li>Durchf\u00fchrung von Ma\u00dfnahmen zur Verbesserung der Dienstleistungen und Bereitstellung von Informationen oder Angeboten.<\/li>\n<\/ul>\n<p>\u00a0<\/p>\n<p><strong>Minderj\u00e4hrige<\/strong><br \/>Die Parkway Clinic Sommer beabsichtigt nicht, Daten von Personen unter 18 Jahren zu sammeln. Wir bieten daher auch keine Dienstleistungen f\u00fcr Minderj\u00e4hrige an. Wir raten Eltern, sich an den Online-Aktivit\u00e4ten ihrer Kinder zu beteiligen, um zu verhindern, dass Daten \u00fcber Kinder ohne elterliche Zustimmung gesammelt werden. Wenn Sie der \u00dcberzeugung sind, dass wir personenbezogene Daten \u00fcber einen Minderj\u00e4hrigen ohne eine solche Zustimmung gesammelt haben, kontaktieren Sie uns bitte. Wir werden diese Informationen dann l\u00f6schen.<\/p>\n<p>\u00a0<\/p>\n<p><strong>Daten zum Besuch der Website<\/strong><br \/>Wir erhalten Daten aufgrund Ihres Besuchs auf unserer Website. Beispiele hierf\u00fcr sind Cookies. Wir verwenden diese Daten, um uns ein besseres Bild von unseren Kunden zu machen und um unsere Dienstleistungen und unsere Website an Ihre pers\u00f6nlichen Pr\u00e4ferenzen anzupassen und weiterzuentwickeln.<br \/>Auf der Website verwenden wir Google Analytics, um den Betrieb der Website zu analysieren und die Leistung der Verkehrsquellen zu messen. Auch wird Google diese Informationen gegebenenfalls an Dritte \u00fcbertragen, sofern dies gesetzlich vorgeschrieben oder soweit Dritte diese Daten im Auftrag von Google verarbeiten. Darauf haben wir keinen Einfluss. Wir haben Google nicht gestattet, die erhaltenen Analysedaten f\u00fcr andere Google-Dienste zu verwenden. Die von Google gesammelten Informationen werden so weit wie m\u00f6glich anonymisiert. Ihre IP-Adresse wird ausdr\u00fccklich nicht angegeben.<\/p>\n<p>\u00a0<\/p>\n<p><strong>Cookies<\/strong><br \/>Wir verwenden einige Cookies auf dieser Website. Weitere Erl\u00e4uterungen zu Cookies finden Sie auf unserer\u00a0<a href=\"https:\/\/parkwegkliniek.nl\/de\/new\/cookies\/\">Cookie-Erkl\u00e4rung<\/a>.<\/p>\n<p>\u00a0<\/p>\n<p><strong>Option f\u00fcr soziale Netzwerke<\/strong><br \/>Unsere Website enth\u00e4lt Schaltfl\u00e4chen zum Bewerben (\"Gef\u00e4llt mir\") oder Teilen (\"Tweeten\") von Webseiten in sozialen Netzwerken wie Facebook, Twitter, Google+ und LinkedIn. Diese Schaltfl\u00e4chen funktionieren mit Hilfe von Codeteilen, die von Facebook und Twitter bzw. LinkedIn stammen. Mit Hilfe dieses Codes werden Cookies gesetzt. Darauf haben wir keinen Einfluss. Lesen Sie die Datenschutzerkl\u00e4rungen von Facebook, Twitter, Google und LinkedIn (die sich regelm\u00e4\u00dfig \u00e4ndern k\u00f6nnen), um zu erfahren, was sie mit Ihren (personenbezogenen) Daten machen, die sie \u00fcber diese Cookies verarbeiten.<\/p>\n<p>\u00a0<\/p>\n<p><strong>Sicherheit<\/strong><br \/>Bei der \u00dcbertragung von Daten verwenden wir das sogenannte SSL-Sicherheitssystem (Secure Socket Layer) in Verbindung mit einer 128\/256-Bit-Verschl\u00fcsselung. Diese Technologie bietet ein H\u00f6chstma\u00df an Sicherheit und wird daher z.B. auch von Banken zur Datensicherung beim Online-Banking eingesetzt. Alle von uns angebotenen Zahlungsarten sind durch den oben genannten Standard umfassend abgesichert. Die verschl\u00fcsselte \u00dcbertragung Ihrer Daten wird durch das Symbol eines Schl\u00fcssels oder eines geschlossenen Schlosses in der Statusleiste Ihres Browsers angezeigt.<\/p>\n<p>\u00a0<\/p>\n<p><strong>Aufbewahrungsfrist und Kontrolle der Daten<\/strong><br \/>Wenn Sie Ihren Dienst bei uns beenden, werden wir einige Daten entsprechend der gesetzlichen Aufbewahrungsfrist aufbewahren. Wir l\u00f6schen Daten, die nicht mehr ben\u00f6tigt werden. Nach Ablauf der gesetzlichen Aufbewahrungsfrist vernichten wir alle Daten.<br \/>Sie haben das Recht, auf die Daten zuzugreifen, die wir \u00fcber Sie gespeichert haben, nachdem Sie Ihre Dienste bei uns beendet haben. Sie k\u00f6nnen \u00fcber unser Kontaktformular Zugang, Korrektur oder L\u00f6schung beantragen. Um sicherzustellen, dass der Antrag auf Einsichtnahme von Ihnen gestellt wird, bitten wir Sie, dem Antrag eine Kopie Ihres Ausweises beizuf\u00fcgen. Wir beantragen hiermit, dass in dieser Kopie Ihr Passfoto und Ihre B\u00fcrgerdienstnummer (BSN) geschw\u00e4rzt werden. Dies dient dem Schutz Ihrer Privatsph\u00e4re. Die Parkwegkliniek Sommer wird Ihre Anfrage so schnell wie m\u00f6glich, jedoch innerhalb von vier Wochen, beantworten.<\/p>\n<p>\u00a0<\/p>\n<p><strong>Mit anderen teilen<\/strong><br \/>Parkwegkliniek Sommer stellt Dritten nur dann Daten zur Verf\u00fcgung, wenn dies f\u00fcr die Erf\u00fcllung unserer Vereinbarung mit Ihnen oder zur Erf\u00fcllung einer gesetzlichen Verpflichtung erforderlich ist.<\/p>\n<p>\u00a0<\/p>\n<p><strong>Daten einsehen und \u00e4ndern<\/strong><br \/>Sie haben das Recht, Zugang zu Ihren Daten und deren Berichtigung oder L\u00f6schung zu verlangen. Unsere Daten finden Sie in unserem\u00a0<a href=\"https:\/\/parkwegkliniek.nl\/de\/new\/kontakt\/\">Kontaktseite<\/a>. Um Missbrauch vorzubeugen, k\u00f6nnen wir Sie auffordern, sich ausreichend zu identifizieren. Wenn es um den Zugang zu personenbezogenen Daten geht, die mit einem Cookie verkn\u00fcpft sind, m\u00fcssen Sie eine Kopie des fraglichen Cookies \u00fcbermitteln. Sie k\u00f6nnen dies in den Einstellungen Ihres Browsers finden.<\/p>\n<p>\u00a0<\/p>\n<p><strong>\u00c4nderungen<\/strong><br \/>Dieser Datenschutzhinweis kann sich \u00e4ndern. Alle \u00c4nderungen werden auf dieser Seite bekannt gegeben.<\/p>\n\t\t\t\t\t\t\t\t<\/div>\n\t\t\t\t<\/div>\n\t\t\t\t\t<\/div>\n\t\t\t\t<\/div>\n\t\t\t\t<\/div>","protected":false},"excerpt":{"rendered":"<p>Privacyverklaring van Parkwegkliniek Sommer Dit is de privacyverklaring van Parkwegkliniek Sommer en zijn onderliggende labels. In deze verklaring zetten wij uiteen hoe wij omgaan met de persoonsgegevens die wij in ons contact met jou verkrijgen. Parkwegkliniek Sommer voldoet aan de bepalingen van de AVG (Algemene Verordening Persoonsgegevens). \u00a0 Verzamelde persoonsgegevensWij doen ons uiterste best om [&hellip;]<\/p>\n","protected":false},"author":1,"featured_media":0,"parent":0,"menu_order":0,"comment_status":"closed","ping_status":"closed","template":"elementor_header_footer","meta":{"footnotes":""},"class_list":["post-3","page","type-page","status-publish","hentry"],"_links":{"self":[{"href":"https:\/\/parkwegkliniek.nl\/de\/wp-json\/wp\/v2\/pages\/3","targetHints":{"allow":["GET"]}}],"collection":[{"href":"https:\/\/parkwegkliniek.nl\/de\/wp-json\/wp\/v2\/pages"}],"about":[{"href":"https:\/\/parkwegkliniek.nl\/de\/wp-json\/wp\/v2\/types\/page"}],"author":[{"embeddable":true,"href":"https:\/\/parkwegkliniek.nl\/de\/wp-json\/wp\/v2\/users\/1"}],"replies":[{"embeddable":true,"href":"https:\/\/parkwegkliniek.nl\/de\/wp-json\/wp\/v2\/comments?post=3"}],"version-history":[{"count":5,"href":"https:\/\/parkwegkliniek.nl\/de\/wp-json\/wp\/v2\/pages\/3\/revisions"}],"predecessor-version":[{"id":650,"href":"https:\/\/parkwegkliniek.nl\/de\/wp-json\/wp\/v2\/pages\/3\/revisions\/650"}],"wp:attachment":[{"href":"https:\/\/parkwegkliniek.nl\/de\/wp-json\/wp\/v2\/media?parent=3"}],"curies":[{"name":"wp","href":"https:\/\/api.w.org\/{rel}","templated":true}]}}