{"id":1795,"date":"2025-07-01T15:14:28","date_gmt":"2025-07-01T13:14:28","guid":{"rendered":"https:\/\/parkwegkliniek.nl\/?page_id=1795"},"modified":"2025-07-01T15:16:27","modified_gmt":"2025-07-01T13:16:27","slug":"danke","status":"publish","type":"page","link":"https:\/\/parkwegkliniek.nl\/de\/bedankt\/","title":{"rendered":"Danke"},"content":{"rendered":"<div data-elementor-type=\"wp-page\" data-elementor-id=\"1795\" class=\"elementor elementor-1795\" data-elementor-post-type=\"page\">\n\t\t\t\t<div class=\"elementor-element elementor-element-659ba02 e-flex e-con-boxed e-con e-parent\" data-id=\"659ba02\" data-element_type=\"container\" data-e-type=\"container\" data-settings=\"{&quot;jet_parallax_layout_list&quot;:[]}\">\n\t\t\t\t\t<div class=\"e-con-inner\">\n\t\t<div class=\"elementor-element elementor-element-4c038f0 e-con-full e-flex e-con e-child\" data-id=\"4c038f0\" data-element_type=\"container\" data-e-type=\"container\" data-settings=\"{&quot;jet_parallax_layout_list&quot;:[]}\">\n\t\t\t\t<div class=\"elementor-element elementor-element-603d5a9 elementor-invisible elementor-widget elementor-widget-image\" data-id=\"603d5a9\" data-element_type=\"widget\" data-e-type=\"widget\" data-settings=\"{&quot;_animation&quot;:&quot;fadeInLeft&quot;}\" data-widget_type=\"image.default\">\n\t\t\t\t<div class=\"elementor-widget-container\">\n\t\t\t\t\t\t\t\t\t\t\t\t\t\t\t<img fetchpriority=\"high\" decoding=\"async\" width=\"826\" height=\"540\" src=\"https:\/\/parkwegkliniek.nl\/wp-content\/uploads\/2024\/09\/gebouw.jpg\" class=\"attachment-full size-full wp-image-1713\" alt=\"\" srcset=\"https:\/\/parkwegkliniek.nl\/wp-content\/uploads\/2024\/09\/gebouw.jpg 826w, https:\/\/parkwegkliniek.nl\/wp-content\/uploads\/2024\/09\/gebouw-300x196.jpg 300w, https:\/\/parkwegkliniek.nl\/wp-content\/uploads\/2024\/09\/gebouw-768x502.jpg 768w, https:\/\/parkwegkliniek.nl\/wp-content\/uploads\/2024\/09\/gebouw-18x12.jpg 18w\" sizes=\"(max-width: 826px) 100vw, 826px\" \/>\t\t\t\t\t\t\t\t\t\t\t\t\t\t\t<\/div>\n\t\t\t\t<\/div>\n\t\t\t\t<\/div>\n\t\t<div class=\"elementor-element elementor-element-9a2d556 e-con-full e-flex e-con e-child\" data-id=\"9a2d556\" data-element_type=\"container\" data-e-type=\"container\" data-settings=\"{&quot;jet_parallax_layout_list&quot;:[]}\">\n\t\t\t\t<div class=\"elementor-element elementor-element-31e85b9 elementor-widget elementor-widget-heading\" data-id=\"31e85b9\" data-element_type=\"widget\" data-e-type=\"widget\" data-widget_type=\"heading.default\">\n\t\t\t\t<div class=\"elementor-widget-container\">\n\t\t\t\t\t<h2 class=\"elementor-heading-title elementor-size-default\">Danke!<\/h2>\t\t\t\t<\/div>\n\t\t\t\t<\/div>\n\t\t\t\t<div class=\"elementor-element elementor-element-e0c7ea9 link elementor-widget elementor-widget-text-editor\" data-id=\"e0c7ea9\" data-element_type=\"widget\" data-e-type=\"widget\" data-widget_type=\"text-editor.default\">\n\t\t\t\t<div class=\"elementor-widget-container\">\n\t\t\t\t\t\t\t\t\t<p>Vielen Dank, dass Sie unser Kontaktformular ausgef\u00fcllt haben, wir werden uns so schnell wie m\u00f6glich bei Ihnen melden.\u00a0<\/p>\t\t\t\t\t\t\t\t<\/div>\n\t\t\t\t<\/div>\n\t\t\t\t<\/div>\n\t\t\t\t\t<\/div>\n\t\t\t\t<\/div>\n\t\t\t\t<\/div>","protected":false},"excerpt":{"rendered":"<p>Dankesch\u00f6n! Danke, dass Sie unser Kontaktformular ausgef\u00fcllt haben. Wir werden uns so schnell wie m\u00f6glich bei Ihnen melden.\u00a0<\/p>","protected":false},"author":1,"featured_media":0,"parent":0,"menu_order":0,"comment_status":"closed","ping_status":"closed","template":"elementor_header_footer","meta":{"footnotes":""},"class_list":["post-1795","page","type-page","status-publish","hentry"],"_links":{"self":[{"href":"https:\/\/parkwegkliniek.nl\/de\/wp-json\/wp\/v2\/pages\/1795","targetHints":{"allow":["GET"]}}],"collection":[{"href":"https:\/\/parkwegkliniek.nl\/de\/wp-json\/wp\/v2\/pages"}],"about":[{"href":"https:\/\/parkwegkliniek.nl\/de\/wp-json\/wp\/v2\/types\/page"}],"author":[{"embeddable":true,"href":"https:\/\/parkwegkliniek.nl\/de\/wp-json\/wp\/v2\/users\/1"}],"replies":[{"embeddable":true,"href":"https:\/\/parkwegkliniek.nl\/de\/wp-json\/wp\/v2\/comments?post=1795"}],"version-history":[{"count":3,"href":"https:\/\/parkwegkliniek.nl\/de\/wp-json\/wp\/v2\/pages\/1795\/revisions"}],"predecessor-version":[{"id":1798,"href":"https:\/\/parkwegkliniek.nl\/de\/wp-json\/wp\/v2\/pages\/1795\/revisions\/1798"}],"wp:attachment":[{"href":"https:\/\/parkwegkliniek.nl\/de\/wp-json\/wp\/v2\/media?parent=1795"}],"curies":[{"name":"wp","href":"https:\/\/api.w.org\/{rel}","templated":true}]}}