{"id":1707,"date":"2024-09-26T09:59:19","date_gmt":"2024-09-26T07:59:19","guid":{"rendered":"https:\/\/parkwegkliniek.nl\/?page_id=1707"},"modified":"2025-12-24T09:56:13","modified_gmt":"2025-12-24T08:56:13","slug":"vorteile-einer-klinik","status":"publish","type":"page","link":"https:\/\/parkwegkliniek.nl\/de\/voordelen-van-een-kliniek\/","title":{"rendered":"Vorteile einer Klinik"},"content":{"rendered":"<div data-elementor-type=\"wp-page\" data-elementor-id=\"1707\" class=\"elementor elementor-1707\" data-elementor-post-type=\"page\">\n\t\t\t\t<div class=\"elementor-element elementor-element-659ba02 e-flex e-con-boxed e-con e-parent\" data-id=\"659ba02\" data-element_type=\"container\" data-e-type=\"container\" data-settings=\"{&quot;jet_parallax_layout_list&quot;:[]}\">\n\t\t\t\t\t<div class=\"e-con-inner\">\n\t\t<div class=\"elementor-element elementor-element-4c038f0 e-con-full e-flex e-con e-child\" data-id=\"4c038f0\" data-element_type=\"container\" data-e-type=\"container\" data-settings=\"{&quot;jet_parallax_layout_list&quot;:[]}\">\n\t\t\t\t<div class=\"elementor-element elementor-element-603d5a9 elementor-invisible elementor-widget elementor-widget-image\" data-id=\"603d5a9\" data-element_type=\"widget\" data-e-type=\"widget\" data-settings=\"{&quot;_animation&quot;:&quot;fadeInLeft&quot;}\" data-widget_type=\"image.default\">\n\t\t\t\t<div class=\"elementor-widget-container\">\n\t\t\t\t\t\t\t\t\t\t\t\t\t\t\t<img fetchpriority=\"high\" decoding=\"async\" width=\"826\" height=\"540\" src=\"https:\/\/parkwegkliniek.nl\/wp-content\/uploads\/2024\/09\/gebouw.jpg\" class=\"attachment-full size-full wp-image-1713\" alt=\"\" srcset=\"https:\/\/parkwegkliniek.nl\/wp-content\/uploads\/2024\/09\/gebouw.jpg 826w, https:\/\/parkwegkliniek.nl\/wp-content\/uploads\/2024\/09\/gebouw-300x196.jpg 300w, https:\/\/parkwegkliniek.nl\/wp-content\/uploads\/2024\/09\/gebouw-768x502.jpg 768w, https:\/\/parkwegkliniek.nl\/wp-content\/uploads\/2024\/09\/gebouw-18x12.jpg 18w\" sizes=\"(max-width: 826px) 100vw, 826px\" \/>\t\t\t\t\t\t\t\t\t\t\t\t\t\t\t<\/div>\n\t\t\t\t<\/div>\n\t\t\t\t<\/div>\n\t\t<div class=\"elementor-element elementor-element-9a2d556 e-con-full e-flex e-con e-child\" data-id=\"9a2d556\" data-element_type=\"container\" data-e-type=\"container\" data-settings=\"{&quot;jet_parallax_layout_list&quot;:[]}\">\n\t\t\t\t<div class=\"elementor-element elementor-element-31e85b9 elementor-widget elementor-widget-heading\" data-id=\"31e85b9\" data-element_type=\"widget\" data-e-type=\"widget\" data-widget_type=\"heading.default\">\n\t\t\t\t<div class=\"elementor-widget-container\">\n\t\t\t\t\t<h2 class=\"elementor-heading-title elementor-size-default\">Wer ist die Parkwegklinik Sommer?<\/h2>\t\t\t\t<\/div>\n\t\t\t\t<\/div>\n\t\t\t\t<div class=\"elementor-element elementor-element-e0c7ea9 link elementor-widget elementor-widget-text-editor\" data-id=\"e0c7ea9\" data-element_type=\"widget\" data-e-type=\"widget\" data-widget_type=\"text-editor.default\">\n\t\t\t\t<div class=\"elementor-widget-container\">\n\t\t\t\t\t\t\t\t\t<p>Die Parkwegkliniek Sommer befindet sich am Parkweg 29 in Maastricht und bietet spezialisierte medizinische Versorgung in einer kleinen, professionellen und komfortablen Umgebung. In unserer Klinik finden Sie ein breites Spektrum an Fachgebieten, darunter Dermatologie, Gyn\u00e4kologie, Urologie, Handchirurgie und plastische Chirurgie.<\/p><p>Die Parkwegkliniek Sommer verf\u00fcgt \u00fcber ein engagiertes Team hochqualifizierter Fach\u00e4rzte. Unsere \u00c4rzte sind alle auch in regul\u00e4ren Krankenh\u00e4usern t\u00e4tig. Dadurch bleiben sie stets \u00fcber die neuesten medizinischen Erkenntnisse und Richtlinien auf dem Laufenden und es findet ein struktureller Wissensaustausch statt. Dies erm\u00f6glicht es uns, eine hochspezialisierte und zeitgem\u00e4\u00dfe Versorgung anzubieten.<\/p>\t\t\t\t\t\t\t\t<\/div>\n\t\t\t\t<\/div>\n\t\t\t\t<\/div>\n\t\t\t\t\t<\/div>\n\t\t\t\t<\/div>\n\t\t<div class=\"elementor-element elementor-element-8c69c04 e-flex e-con-boxed e-con e-parent\" data-id=\"8c69c04\" data-element_type=\"container\" data-e-type=\"container\" data-settings=\"{&quot;jet_parallax_layout_list&quot;:[]}\">\n\t\t\t\t\t<div class=\"e-con-inner\">\n\t\t<div class=\"elementor-element elementor-element-f8c765e e-con-full e-flex e-con e-child\" data-id=\"f8c765e\" data-element_type=\"container\" data-e-type=\"container\" data-settings=\"{&quot;jet_parallax_layout_list&quot;:[]}\">\n\t\t\t\t<div class=\"elementor-element elementor-element-fdd9ad4 elementor-widget elementor-widget-heading\" data-id=\"fdd9ad4\" data-element_type=\"widget\" data-e-type=\"widget\" data-widget_type=\"heading.default\">\n\t\t\t\t<div class=\"elementor-widget-container\">\n\t\t\t\t\t<h2 class=\"elementor-heading-title elementor-size-default\">Teil von Equipe Zorgbedrijven (Expert Clinics)<\/h2>\t\t\t\t<\/div>\n\t\t\t\t<\/div>\n\t\t\t\t<div class=\"elementor-element elementor-element-f71d29e link elementor-widget elementor-widget-text-editor\" data-id=\"f71d29e\" data-element_type=\"widget\" data-e-type=\"widget\" data-widget_type=\"text-editor.default\">\n\t\t\t\t<div class=\"elementor-widget-container\">\n\t\t\t\t\t\t\t\t\t<p>Die Parkwegkliniek Sommer ist Teil von Equipe Zorgbedrijven (Expert Clinics), einer landesweiten Organisation spezialisierter Kliniken. Diese \u00dcbernahme markiert einen wichtigen Schritt in Richtung Professionalisierung.<\/p><p>Dank dieser Zusammenarbeit profitieren unsere Patienten von:<\/p><ul><li>Weitere Qualit\u00e4tssicherung und Transparenz.<\/li><li>Starke Unterst\u00fctzung in den Bereichen Organisation, Innovation und Patientensicherheit.<\/li><li>Strukturelle Zusammenarbeit mit Krankenkassen.<\/li><li>Kontinuit\u00e4t und zukunftssichere Pflege.<\/li><\/ul><p>Der pers\u00f6nliche Ansatz und die kleine Gr\u00f6\u00dfe der Parkwegkliniek Sommer bleiben dabei unver\u00e4ndert erhalten.<\/p>\t\t\t\t\t\t\t\t<\/div>\n\t\t\t\t<\/div>\n\t\t\t\t<\/div>\n\t\t\t\t\t<\/div>\n\t\t\t\t<\/div>\n\t\t<div class=\"elementor-element elementor-element-ecab74d e-flex e-con-boxed e-con e-parent\" data-id=\"ecab74d\" data-element_type=\"container\" data-e-type=\"container\" data-settings=\"{&quot;jet_parallax_layout_list&quot;:[]}\">\n\t\t\t\t\t<div class=\"e-con-inner\">\n\t\t<div class=\"elementor-element elementor-element-c405ff7 e-con-full e-flex e-con e-child\" data-id=\"c405ff7\" data-element_type=\"container\" data-e-type=\"container\" data-settings=\"{&quot;jet_parallax_layout_list&quot;:[]}\">\n\t\t\t\t<div class=\"elementor-element elementor-element-e8605f8 elementor-widget elementor-widget-heading\" data-id=\"e8605f8\" data-element_type=\"widget\" data-e-type=\"widget\" data-widget_type=\"heading.default\">\n\t\t\t\t<div class=\"elementor-widget-container\">\n\t\t\t\t\t<h2 class=\"elementor-heading-title elementor-size-default\">Vorurteile und Missverst\u00e4ndnisse<\/h2>\t\t\t\t<\/div>\n\t\t\t\t<\/div>\n\t\t\t\t<div class=\"elementor-element elementor-element-41625ed link elementor-widget elementor-widget-text-editor\" data-id=\"41625ed\" data-element_type=\"widget\" data-e-type=\"widget\" data-widget_type=\"text-editor.default\">\n\t\t\t\t<div class=\"elementor-widget-container\">\n\t\t\t\t\t\t\t\t\t<p>Trotz der professionellen Organisation und der hochwertigen medizinischen Versorgung gibt es manchmal noch Missverst\u00e4ndnisse \u00fcber Behandlungen in unabh\u00e4ngigen Kliniken. Das ist schade, denn die Parkwegkliniek Sommer verbindet medizinische Spitzenversorgung mit pers\u00f6nlicher Betreuung und kurzen Wegen. Gerne listen wir Ihnen die Vorteile auf.<\/p>\t\t\t\t\t\t\t\t<\/div>\n\t\t\t\t<\/div>\n\t\t\t\t<\/div>\n\t\t\t\t\t<\/div>\n\t\t\t\t<\/div>\n\t\t<div class=\"elementor-element elementor-element-23c145b e-flex e-con-boxed e-con e-parent\" data-id=\"23c145b\" data-element_type=\"container\" data-e-type=\"container\" data-settings=\"{&quot;background_background&quot;:&quot;classic&quot;,&quot;jet_parallax_layout_list&quot;:[]}\">\n\t\t\t\t\t<div class=\"e-con-inner\">\n\t\t<div class=\"elementor-element elementor-element-306cab5 e-con-full e-flex e-con e-child\" data-id=\"306cab5\" data-element_type=\"container\" data-e-type=\"container\" data-settings=\"{&quot;jet_parallax_layout_list&quot;:[]}\">\n\t\t\t\t<div class=\"elementor-element elementor-element-9a4fbd1 elementor-widget elementor-widget-heading\" data-id=\"9a4fbd1\" data-element_type=\"widget\" data-e-type=\"widget\" data-widget_type=\"heading.default\">\n\t\t\t\t<div class=\"elementor-widget-container\">\n\t\t\t\t\t<h2 class=\"elementor-heading-title elementor-size-default\">Kurze Wartezeiten<\/h2>\t\t\t\t<\/div>\n\t\t\t\t<\/div>\n\t\t\t\t<div class=\"elementor-element elementor-element-b99f4c8 elementor-widget elementor-widget-text-editor\" data-id=\"b99f4c8\" data-element_type=\"widget\" data-e-type=\"widget\" data-widget_type=\"text-editor.default\">\n\t\t\t\t<div class=\"elementor-widget-container\">\n\t\t\t\t\t\t\t\t\t<p>Bei der Parkwegkliniek Sommer haben wir sehr kurze Wartezeiten. Wir verstehen, dass das Warten auf medizinische Versorgung belastend sein kann. Im Gegensatz zu vielen regul\u00e4ren Krankenh\u00e4usern k\u00f6nnen wir Patienten schnell helfen, ohne Abstriche bei der Qualit\u00e4t oder Sorgfalt zu machen.<\/p>\t\t\t\t\t\t\t\t<\/div>\n\t\t\t\t<\/div>\n\t\t\t\t<div class=\"elementor-element elementor-element-bc6bf1a elementor-widget elementor-widget-heading\" data-id=\"bc6bf1a\" data-element_type=\"widget\" data-e-type=\"widget\" data-widget_type=\"heading.default\">\n\t\t\t\t<div class=\"elementor-widget-container\">\n\t\t\t\t\t<h2 class=\"elementor-heading-title elementor-size-default\">Pers\u00f6nliche Betreuung: Der Arzt nimmt sich Zeit f\u00fcr Sie.<\/h2>\t\t\t\t<\/div>\n\t\t\t\t<\/div>\n\t\t\t\t<div class=\"elementor-element elementor-element-2399716 elementor-widget elementor-widget-text-editor\" data-id=\"2399716\" data-element_type=\"widget\" data-e-type=\"widget\" data-widget_type=\"text-editor.default\">\n\t\t\t\t<div class=\"elementor-widget-container\">\n\t\t\t\t\t\t\t\t\t<p>Eine medizinische Beschwerde kann Unsicherheit oder Anspannung mit sich bringen. Genau deshalb finden wir es wichtig, dass Sie sich geh\u00f6rt und gesehen f\u00fchlen. Unsere \u00c4rzte nehmen sich viel Zeit f\u00fcr Ihre Konsultation, h\u00f6ren sich Ihre Geschichte an und beantworten Ihre Fragen sorgf\u00e4ltig. So k\u00f6nnen Sie Ihren Behandlungsprozess mit Zuversicht und Gelassenheit durchlaufen.<\/p>\t\t\t\t\t\t\t\t<\/div>\n\t\t\t\t<\/div>\n\t\t\t\t<\/div>\n\t\t<div class=\"elementor-element elementor-element-4be5edf e-con-full e-flex e-con e-child\" data-id=\"4be5edf\" data-element_type=\"container\" data-e-type=\"container\" data-settings=\"{&quot;jet_parallax_layout_list&quot;:[]}\">\n\t\t\t\t<div class=\"elementor-element elementor-element-825d619 elementor-widget elementor-widget-image\" data-id=\"825d619\" data-element_type=\"widget\" data-e-type=\"widget\" data-widget_type=\"image.default\">\n\t\t\t\t<div class=\"elementor-widget-container\">\n\t\t\t\t\t\t\t\t\t\t\t\t\t\t\t<img decoding=\"async\" width=\"329\" height=\"330\" src=\"https:\/\/parkwegkliniek.nl\/wp-content\/uploads\/2024\/09\/afbeelding-korte-wachttijd-copy.png\" class=\"attachment-full size-full wp-image-1714\" alt=\"\" srcset=\"https:\/\/parkwegkliniek.nl\/wp-content\/uploads\/2024\/09\/afbeelding-korte-wachttijd-copy.png 329w, https:\/\/parkwegkliniek.nl\/wp-content\/uploads\/2024\/09\/afbeelding-korte-wachttijd-copy-300x300.png 300w, https:\/\/parkwegkliniek.nl\/wp-content\/uploads\/2024\/09\/afbeelding-korte-wachttijd-copy-150x150.png 150w, https:\/\/parkwegkliniek.nl\/wp-content\/uploads\/2024\/09\/afbeelding-korte-wachttijd-copy-12x12.png 12w\" sizes=\"(max-width: 329px) 100vw, 329px\" \/>\t\t\t\t\t\t\t\t\t\t\t\t\t\t\t<\/div>\n\t\t\t\t<\/div>\n\t\t\t\t<\/div>\n\t\t\t\t\t<\/div>\n\t\t\t\t<\/div>\n\t\t<div class=\"elementor-element elementor-element-bd44941 e-flex e-con-boxed e-con e-parent\" data-id=\"bd44941\" data-element_type=\"container\" data-e-type=\"container\" data-settings=\"{&quot;jet_parallax_layout_list&quot;:[]}\">\n\t\t\t\t\t<div class=\"e-con-inner\">\n\t\t<div class=\"elementor-element elementor-element-86edd66 e-con-full e-flex e-con e-child\" data-id=\"86edd66\" data-element_type=\"container\" data-e-type=\"container\" data-settings=\"{&quot;jet_parallax_layout_list&quot;:[]}\">\n\t\t\t\t<div class=\"elementor-element elementor-element-05fdb87 elementor-widget elementor-widget-heading\" data-id=\"05fdb87\" data-element_type=\"widget\" data-e-type=\"widget\" data-widget_type=\"heading.default\">\n\t\t\t\t<div class=\"elementor-widget-container\">\n\t\t\t\t\t<h2 class=\"elementor-heading-title elementor-size-default\">Ein fester Arzt w\u00e4hrend Ihrer Behandlung<\/h2>\t\t\t\t<\/div>\n\t\t\t\t<\/div>\n\t\t\t\t<div class=\"elementor-element elementor-element-66ae3dc link elementor-widget elementor-widget-text-editor\" data-id=\"66ae3dc\" data-element_type=\"widget\" data-e-type=\"widget\" data-widget_type=\"text-editor.default\">\n\t\t\t\t<div class=\"elementor-widget-container\">\n\t\t\t\t\t\t\t\t\t<p>W\u00e4hrend Ihrer gesamten Behandlung werden Sie von einem festen Arzt betreut. Sie m\u00fcssen Ihre Geschichte nicht immer wieder neu erz\u00e4hlen und Ihr Arzt kennt Ihre Situation von Anfang bis Ende. Dies f\u00f6rdert nicht nur das Vertrauen, sondern auch die Qualit\u00e4t und Kontinuit\u00e4t der Versorgung.<\/p>\t\t\t\t\t\t\t\t<\/div>\n\t\t\t\t<\/div>\n\t\t\t\t<\/div>\n\t\t\t\t\t<\/div>\n\t\t\t\t<\/div>\n\t\t<div class=\"elementor-element elementor-element-3a1fe21 e-flex e-con-boxed e-con e-parent\" data-id=\"3a1fe21\" data-element_type=\"container\" data-e-type=\"container\" data-settings=\"{&quot;jet_parallax_layout_list&quot;:[]}\">\n\t\t\t\t\t<div class=\"e-con-inner\">\n\t\t<div class=\"elementor-element elementor-element-680d716 e-con-full e-flex e-con e-child\" data-id=\"680d716\" data-element_type=\"container\" data-e-type=\"container\" data-settings=\"{&quot;jet_parallax_layout_list&quot;:[]}\">\n\t\t\t\t<div class=\"elementor-element elementor-element-0f2718b elementor-invisible elementor-widget elementor-widget-image\" data-id=\"0f2718b\" data-element_type=\"widget\" data-e-type=\"widget\" data-settings=\"{&quot;_animation&quot;:&quot;fadeInLeft&quot;}\" data-widget_type=\"image.default\">\n\t\t\t\t<div class=\"elementor-widget-container\">\n\t\t\t\t\t\t\t\t\t\t\t\t\t\t\t<img decoding=\"async\" width=\"1280\" height=\"853\" src=\"https:\/\/parkwegkliniek.nl\/wp-content\/uploads\/2024\/09\/MG_0798-Large.jpeg\" class=\"attachment-full size-full wp-image-1708\" alt=\"\" srcset=\"https:\/\/parkwegkliniek.nl\/wp-content\/uploads\/2024\/09\/MG_0798-Large.jpeg 1280w, https:\/\/parkwegkliniek.nl\/wp-content\/uploads\/2024\/09\/MG_0798-Large-300x200.jpeg 300w, https:\/\/parkwegkliniek.nl\/wp-content\/uploads\/2024\/09\/MG_0798-Large-1024x682.jpeg 1024w, https:\/\/parkwegkliniek.nl\/wp-content\/uploads\/2024\/09\/MG_0798-Large-768x512.jpeg 768w, https:\/\/parkwegkliniek.nl\/wp-content\/uploads\/2024\/09\/MG_0798-Large-18x12.jpeg 18w\" sizes=\"(max-width: 1280px) 100vw, 1280px\" \/>\t\t\t\t\t\t\t\t\t\t\t\t\t\t\t<\/div>\n\t\t\t\t<\/div>\n\t\t\t\t<\/div>\n\t\t<div class=\"elementor-element elementor-element-350a76a e-con-full e-flex e-con e-child\" data-id=\"350a76a\" data-element_type=\"container\" data-e-type=\"container\" data-settings=\"{&quot;jet_parallax_layout_list&quot;:[]}\">\n\t\t\t\t<div class=\"elementor-element elementor-element-7158f29 elementor-widget elementor-widget-heading\" data-id=\"7158f29\" data-element_type=\"widget\" data-e-type=\"widget\" data-widget_type=\"heading.default\">\n\t\t\t\t<div class=\"elementor-widget-container\">\n\t\t\t\t\t<h2 class=\"elementor-heading-title elementor-size-default\">Erstattung Ihrer Behandlungskosten<\/h2>\t\t\t\t<\/div>\n\t\t\t\t<\/div>\n\t\t\t\t<div class=\"elementor-element elementor-element-254514c link elementor-widget elementor-widget-text-editor\" data-id=\"254514c\" data-element_type=\"widget\" data-e-type=\"widget\" data-widget_type=\"text-editor.default\">\n\t\t\t\t<div class=\"elementor-widget-container\">\n\t\t\t\t\t\t\t\t\t<p>Ein weit verbreitetes Missverst\u00e4ndnis ist, dass Behandlungen in einer Privatklinik nicht erstattet werden. Das ist nicht richtig.<\/p><p>Seit dem 1. Januar hat die Parkwegkliniek Sommer Vertr\u00e4ge mit allen Krankenkassen abgeschlossen. Das bedeutet:<\/p><ul><li>Ihre Behandlung wird bei einer g\u00fcltigen \u00dcberweisung aus der Grundversicherung erstattet.<\/li><li>Wir reichen die Abrechnung direkt bei Ihrer Krankenkasse ein.<\/li><li>Sie m\u00fcssen keine Rechnungen vorstrecken oder einreichen.<\/li><\/ul><p>Wie im Krankenhaus kann es sein, dass Ihre Krankenkasse die Selbstbeteiligung mit Ihnen verrechnet. Es fallen keine zus\u00e4tzlichen Kosten oder Eigenanteile an.<\/p>\t\t\t\t\t\t\t\t<\/div>\n\t\t\t\t<\/div>\n\t\t\t\t<\/div>\n\t\t\t\t\t<\/div>\n\t\t\t\t<\/div>\n\t\t<div class=\"elementor-element elementor-element-f5c750e e-flex e-con-boxed e-con e-parent\" data-id=\"f5c750e\" data-element_type=\"container\" data-e-type=\"container\" data-settings=\"{&quot;jet_parallax_layout_list&quot;:[]}\">\n\t\t\t\t\t<div class=\"e-con-inner\">\n\t\t<div class=\"elementor-element elementor-element-aec1bfb e-con-full e-flex e-con e-child\" data-id=\"aec1bfb\" data-element_type=\"container\" data-e-type=\"container\" data-settings=\"{&quot;jet_parallax_layout_list&quot;:[]}\">\n\t\t\t\t<div class=\"elementor-element elementor-element-f0e8fdf elementor-widget elementor-widget-heading\" data-id=\"f0e8fdf\" data-element_type=\"widget\" data-e-type=\"widget\" data-widget_type=\"heading.default\">\n\t\t\t\t<div class=\"elementor-widget-container\">\n\t\t\t\t\t<h2 class=\"elementor-heading-title elementor-size-default\">Klarheit gegen\u00fcber Krankenkassen<\/h2>\t\t\t\t<\/div>\n\t\t\t\t<\/div>\n\t\t\t\t<div class=\"elementor-element elementor-element-6816dc6 link elementor-widget elementor-widget-text-editor\" data-id=\"6816dc6\" data-element_type=\"widget\" data-e-type=\"widget\" data-widget_type=\"text-editor.default\">\n\t\t\t\t<div class=\"elementor-widget-container\">\n\t\t\t\t\t\t\t\t\t<p>Es kann vorkommen, dass eine Krankenkasse telefonisch falsche Informationen \u00fcber Erstattungen bei unabh\u00e4ngigen Kliniken gibt. Mit einer g\u00fcltigen \u00dcberweisung Ihres Hausarztes oder Facharztes haben Sie jedoch immer Anspruch auf Erstattung der Kosten f\u00fcr fach\u00e4rztliche Behandlungen. Dies ist gesetzlich festgelegt.<\/p><p>Dank unserer Vertr\u00e4ge mit allen Krankenkassen herrscht nun maximale Klarheit und Sicherheit f\u00fcr unsere Patienten.<\/p>\t\t\t\t\t\t\t\t<\/div>\n\t\t\t\t<\/div>\n\t\t\t\t<\/div>\n\t\t<div class=\"elementor-element elementor-element-d44e367 e-con-full e-flex e-con e-child\" data-id=\"d44e367\" data-element_type=\"container\" data-e-type=\"container\" data-settings=\"{&quot;jet_parallax_layout_list&quot;:[]}\">\n\t\t\t\t<div class=\"elementor-element elementor-element-a348210 elementor-invisible elementor-widget elementor-widget-image\" data-id=\"a348210\" data-element_type=\"widget\" data-e-type=\"widget\" data-settings=\"{&quot;_animation&quot;:&quot;fadeInLeft&quot;}\" data-widget_type=\"image.default\">\n\t\t\t\t<div class=\"elementor-widget-container\">\n\t\t\t\t\t\t\t\t\t\t\t\t\t\t\t<img loading=\"lazy\" decoding=\"async\" width=\"1280\" height=\"853\" src=\"https:\/\/parkwegkliniek.nl\/wp-content\/uploads\/2024\/09\/MG_0952-Large.jpeg\" class=\"attachment-full size-full wp-image-1709\" alt=\"\" srcset=\"https:\/\/parkwegkliniek.nl\/wp-content\/uploads\/2024\/09\/MG_0952-Large.jpeg 1280w, https:\/\/parkwegkliniek.nl\/wp-content\/uploads\/2024\/09\/MG_0952-Large-300x200.jpeg 300w, https:\/\/parkwegkliniek.nl\/wp-content\/uploads\/2024\/09\/MG_0952-Large-1024x682.jpeg 1024w, https:\/\/parkwegkliniek.nl\/wp-content\/uploads\/2024\/09\/MG_0952-Large-768x512.jpeg 768w, https:\/\/parkwegkliniek.nl\/wp-content\/uploads\/2024\/09\/MG_0952-Large-18x12.jpeg 18w\" sizes=\"(max-width: 1280px) 100vw, 1280px\" \/>\t\t\t\t\t\t\t\t\t\t\t\t\t\t\t<\/div>\n\t\t\t\t<\/div>\n\t\t\t\t<\/div>\n\t\t\t\t\t<\/div>\n\t\t\t\t<\/div>\n\t\t<div class=\"elementor-element elementor-element-835a5e2 e-flex e-con-boxed e-con e-parent\" data-id=\"835a5e2\" data-element_type=\"container\" data-e-type=\"container\" data-settings=\"{&quot;background_background&quot;:&quot;classic&quot;,&quot;jet_parallax_layout_list&quot;:[]}\">\n\t\t\t\t\t<div class=\"e-con-inner\">\n\t\t<div class=\"elementor-element elementor-element-4491712 e-con-full e-flex e-con e-child\" data-id=\"4491712\" data-element_type=\"container\" data-e-type=\"container\" data-settings=\"{&quot;jet_parallax_layout_list&quot;:[]}\">\n\t\t\t\t<div class=\"elementor-element elementor-element-313c8fe elementor-widget elementor-widget-heading\" data-id=\"313c8fe\" data-element_type=\"widget\" data-e-type=\"widget\" data-widget_type=\"heading.default\">\n\t\t\t\t<div class=\"elementor-widget-container\">\n\t\t\t\t\t<h2 class=\"elementor-heading-title elementor-size-default\">Noch Fragen?<\/h2>\t\t\t\t<\/div>\n\t\t\t\t<\/div>\n\t\t\t\t<div class=\"elementor-element elementor-element-cb8bfa4 link elementor-widget elementor-widget-text-editor\" data-id=\"cb8bfa4\" data-element_type=\"widget\" data-e-type=\"widget\" data-widget_type=\"text-editor.default\">\n\t\t\t\t<div class=\"elementor-widget-container\">\n\t\t\t\t\t\t\t\t\t<p>Haben Sie nach dem Lesen dieser Informationen noch Fragen zu einer Behandlung oder zur Kostenerstattung? Das verstehen wir sehr gut. Nehmen Sie gerne Kontakt mit uns auf. Unser Team steht Ihnen gerne zur Verf\u00fcgung und nimmt sich Zeit, Ihre Fragen zu beantworten, damit Sie Ihre Behandlung beruhigt beginnen k\u00f6nnen.<\/p>\t\t\t\t\t\t\t\t<\/div>\n\t\t\t\t<\/div>\n\t\t\t\t<\/div>\n\t\t\t\t\t<\/div>\n\t\t\t\t<\/div>\n\t\t<div class=\"elementor-element elementor-element-bcd6806 e-con-full e-flex e-con e-parent\" data-id=\"bcd6806\" data-element_type=\"container\" data-e-type=\"container\" data-settings=\"{&quot;jet_parallax_layout_list&quot;:[]}\">\n\t\t\t\t<div class=\"elementor-element elementor-element-33f06ad elementor-widget elementor-widget-image\" data-id=\"33f06ad\" data-element_type=\"widget\" data-e-type=\"widget\" data-widget_type=\"image.default\">\n\t\t\t\t<div class=\"elementor-widget-container\">\n\t\t\t\t\t\t\t\t\t\t\t\t\t\t\t<img loading=\"lazy\" decoding=\"async\" width=\"2560\" height=\"685\" src=\"https:\/\/parkwegkliniek.nl\/wp-content\/uploads\/2024\/09\/3Parkwegphotoshop-scaled.jpg\" class=\"attachment-full size-full wp-image-1711\" alt=\"\" srcset=\"https:\/\/parkwegkliniek.nl\/wp-content\/uploads\/2024\/09\/3Parkwegphotoshop-scaled.jpg 2560w, https:\/\/parkwegkliniek.nl\/wp-content\/uploads\/2024\/09\/3Parkwegphotoshop-300x80.jpg 300w, https:\/\/parkwegkliniek.nl\/wp-content\/uploads\/2024\/09\/3Parkwegphotoshop-1024x274.jpg 1024w, https:\/\/parkwegkliniek.nl\/wp-content\/uploads\/2024\/09\/3Parkwegphotoshop-768x206.jpg 768w, https:\/\/parkwegkliniek.nl\/wp-content\/uploads\/2024\/09\/3Parkwegphotoshop-1536x411.jpg 1536w, https:\/\/parkwegkliniek.nl\/wp-content\/uploads\/2024\/09\/3Parkwegphotoshop-2048x548.jpg 2048w, https:\/\/parkwegkliniek.nl\/wp-content\/uploads\/2024\/09\/3Parkwegphotoshop-18x5.jpg 18w\" sizes=\"(max-width: 2560px) 100vw, 2560px\" \/>\t\t\t\t\t\t\t\t\t\t\t\t\t\t\t<\/div>\n\t\t\t\t<\/div>\n\t\t\t\t<\/div>\n\t\t\t\t<\/div>","protected":false},"excerpt":{"rendered":"<p>Wie is Parkwegkliniek Sommer? Parkwegkliniek Sommer is gevestigd aan de Parkweg 29 in Maastricht en biedt specialistische medische zorg in een kleinschalige, professionele en comfortabele setting. Binnen onze kliniek kunt u terecht voor een breed scala aan specialismen, waaronder dermatologie, gynaecologie, urologie, handchirurgie en plastische chirurgie. Aan Parkwegkliniek Sommer is een toegewijd team van hooggekwalificeerde [&hellip;]<\/p>\n","protected":false},"author":1,"featured_media":0,"parent":0,"menu_order":0,"comment_status":"closed","ping_status":"closed","template":"elementor_header_footer","meta":{"footnotes":""},"class_list":["post-1707","page","type-page","status-publish","hentry"],"_links":{"self":[{"href":"https:\/\/parkwegkliniek.nl\/de\/wp-json\/wp\/v2\/pages\/1707","targetHints":{"allow":["GET"]}}],"collection":[{"href":"https:\/\/parkwegkliniek.nl\/de\/wp-json\/wp\/v2\/pages"}],"about":[{"href":"https:\/\/parkwegkliniek.nl\/de\/wp-json\/wp\/v2\/types\/page"}],"author":[{"embeddable":true,"href":"https:\/\/parkwegkliniek.nl\/de\/wp-json\/wp\/v2\/users\/1"}],"replies":[{"embeddable":true,"href":"https:\/\/parkwegkliniek.nl\/de\/wp-json\/wp\/v2\/comments?post=1707"}],"version-history":[{"count":5,"href":"https:\/\/parkwegkliniek.nl\/de\/wp-json\/wp\/v2\/pages\/1707\/revisions"}],"predecessor-version":[{"id":1882,"href":"https:\/\/parkwegkliniek.nl\/de\/wp-json\/wp\/v2\/pages\/1707\/revisions\/1882"}],"wp:attachment":[{"href":"https:\/\/parkwegkliniek.nl\/de\/wp-json\/wp\/v2\/media?parent=1707"}],"curies":[{"name":"wp","href":"https:\/\/api.w.org\/{rel}","templated":true}]}}