{"id":1042,"date":"2022-12-21T11:07:43","date_gmt":"2022-12-21T10:07:43","guid":{"rendered":"https:\/\/043test5.nl\/?page_id=1042"},"modified":"2023-01-02T13:26:34","modified_gmt":"2023-01-02T12:26:34","slug":"wartezeiten","status":"publish","type":"page","link":"https:\/\/parkwegkliniek.nl\/de\/wachttijden\/","title":{"rendered":"Wartezeiten"},"content":{"rendered":"<div data-elementor-type=\"wp-page\" data-elementor-id=\"1042\" class=\"elementor elementor-1042\" data-elementor-post-type=\"page\">\n\t\t\t\t<div class=\"elementor-element elementor-element-fc2ce05 e-flex e-con-boxed e-con e-parent\" data-id=\"fc2ce05\" data-element_type=\"container\" data-e-type=\"container\" data-settings=\"{&quot;jet_parallax_layout_list&quot;:[]}\">\n\t\t\t\t\t<div class=\"e-con-inner\">\n\t\t\t\t<div class=\"elementor-element elementor-element-7a93b55 elementor-widget elementor-widget-heading\" data-id=\"7a93b55\" data-element_type=\"widget\" data-e-type=\"widget\" data-widget_type=\"heading.default\">\n\t\t\t\t<div class=\"elementor-widget-container\">\n\t\t\t\t\t<h2 class=\"elementor-heading-title elementor-size-default\">Wartezeiten<\/h2>\t\t\t\t<\/div>\n\t\t\t\t<\/div>\n\t\t\t\t<div class=\"elementor-element elementor-element-3b5a103 elementor-widget elementor-widget-text-editor\" data-id=\"3b5a103\" data-element_type=\"widget\" data-e-type=\"widget\" data-widget_type=\"text-editor.default\">\n\t\t\t\t<div class=\"elementor-widget-container\">\n\t\t\t\t\t\t\t\t\t<p>Aufgrund der planm\u00e4\u00dfigen Betreuung und der kleinen Gr\u00f6\u00dfe der Parkwegkliniek Sommer sind wir bestrebt, die Wartelisten und die Wartezeit zwischen Konsultation und Behandlung so kurz wie m\u00f6glich zu halten.<\/p>\t\t\t\t\t\t\t\t<\/div>\n\t\t\t\t<\/div>\n\t\t\t\t\t<\/div>\n\t\t\t\t<\/div>\n\t\t\t\t<\/div>","protected":false},"excerpt":{"rendered":"<p>Wartezeiten Aufgrund der planbaren Versorgung und der geringen Gr\u00f6\u00dfe der Parkwegkliniek Sommer sind wir bestrebt, Wartelisten und die Wartezeit zwischen Konsultation und Behandlung so kurz wie m\u00f6glich zu halten.<\/p>","protected":false},"author":1,"featured_media":0,"parent":0,"menu_order":0,"comment_status":"closed","ping_status":"closed","template":"elementor_header_footer","meta":{"footnotes":""},"class_list":["post-1042","page","type-page","status-publish","hentry"],"_links":{"self":[{"href":"https:\/\/parkwegkliniek.nl\/de\/wp-json\/wp\/v2\/pages\/1042","targetHints":{"allow":["GET"]}}],"collection":[{"href":"https:\/\/parkwegkliniek.nl\/de\/wp-json\/wp\/v2\/pages"}],"about":[{"href":"https:\/\/parkwegkliniek.nl\/de\/wp-json\/wp\/v2\/types\/page"}],"author":[{"embeddable":true,"href":"https:\/\/parkwegkliniek.nl\/de\/wp-json\/wp\/v2\/users\/1"}],"replies":[{"embeddable":true,"href":"https:\/\/parkwegkliniek.nl\/de\/wp-json\/wp\/v2\/comments?post=1042"}],"version-history":[{"count":5,"href":"https:\/\/parkwegkliniek.nl\/de\/wp-json\/wp\/v2\/pages\/1042\/revisions"}],"predecessor-version":[{"id":1072,"href":"https:\/\/parkwegkliniek.nl\/de\/wp-json\/wp\/v2\/pages\/1042\/revisions\/1072"}],"wp:attachment":[{"href":"https:\/\/parkwegkliniek.nl\/de\/wp-json\/wp\/v2\/media?parent=1042"}],"curies":[{"name":"wp","href":"https:\/\/api.w.org\/{rel}","templated":true}]}}